{"id":411,"date":"2024-06-22T11:47:25","date_gmt":"2024-06-22T11:47:25","guid":{"rendered":"http:\/\/www.ankaraderyareklam.com.tr\/?page_id=411"},"modified":"2024-06-22T12:45:06","modified_gmt":"2024-06-22T12:45:06","slug":"promosyon-baskilari","status":"publish","type":"page","link":"http:\/\/www.ankaraderyareklam.com.tr\/?page_id=411","title":{"rendered":"Promosyon Bask\u0131 Hizmeti"},"content":{"rendered":"\n<figure class=\"wp-block-gallery aligncenter has-nested-images columns-4 is-cropped wp-block-gallery-1 is-layout-flex wp-block-gallery-is-layout-flex\">\n<figure class=\"wp-block-image size-medium\"><img loading=\"lazy\" decoding=\"async\" width=\"300\" height=\"300\" data-id=\"457\" src=\"http:\/\/www.ankaraderyareklam.com.tr\/wp-content\/uploads\/2024\/06\/10-300x300.jpg\" alt=\"\" class=\"wp-image-457\" srcset=\"http:\/\/www.ankaraderyareklam.com.tr\/wp-content\/uploads\/2024\/06\/10-300x300.jpg 300w, http:\/\/www.ankaraderyareklam.com.tr\/wp-content\/uploads\/2024\/06\/10-150x150.jpg 150w, http:\/\/www.ankaraderyareklam.com.tr\/wp-content\/uploads\/2024\/06\/10-768x768.jpg 768w, http:\/\/www.ankaraderyareklam.com.tr\/wp-content\/uploads\/2024\/06\/10-230x230.jpg 230w, http:\/\/www.ankaraderyareklam.com.tr\/wp-content\/uploads\/2024\/06\/10-365x365.jpg 365w, http:\/\/www.ankaraderyareklam.com.tr\/wp-content\/uploads\/2024\/06\/10.jpg 960w\" sizes=\"auto, (max-width: 300px) 100vw, 300px\" \/><figcaption class=\"wp-element-caption\"><strong><mark style=\"background-color:rgba(0, 0, 0, 0)\" class=\"has-inline-color has-black-color\">Promosyon \u015eapka Bask\u0131s\u0131<\/mark><\/strong><\/figcaption><\/figure>\n\n\n\n<figure class=\"wp-block-image size-medium\"><img loading=\"lazy\" decoding=\"async\" width=\"300\" height=\"193\" data-id=\"458\" src=\"http:\/\/www.ankaraderyareklam.com.tr\/wp-content\/uploads\/2024\/06\/bezcantabaski-300x193.png\" alt=\"\" class=\"wp-image-458\" srcset=\"http:\/\/www.ankaraderyareklam.com.tr\/wp-content\/uploads\/2024\/06\/bezcantabaski-300x193.png 300w, http:\/\/www.ankaraderyareklam.com.tr\/wp-content\/uploads\/2024\/06\/bezcantabaski.png 661w\" sizes=\"auto, (max-width: 300px) 100vw, 300px\" \/><\/figure>\n\n\n\n<figure class=\"wp-block-image size-medium\"><img loading=\"lazy\" decoding=\"async\" width=\"300\" height=\"202\" data-id=\"460\" src=\"http:\/\/www.ankaraderyareklam.com.tr\/wp-content\/uploads\/2024\/06\/Ikaz-Yelek-16-1024x690-1-300x202.jpg\" alt=\"\" class=\"wp-image-460\" srcset=\"http:\/\/www.ankaraderyareklam.com.tr\/wp-content\/uploads\/2024\/06\/Ikaz-Yelek-16-1024x690-1-300x202.jpg 300w, http:\/\/www.ankaraderyareklam.com.tr\/wp-content\/uploads\/2024\/06\/Ikaz-Yelek-16-1024x690-1-768x518.jpg 768w, http:\/\/www.ankaraderyareklam.com.tr\/wp-content\/uploads\/2024\/06\/Ikaz-Yelek-16-1024x690-1.jpg 1024w\" sizes=\"auto, (max-width: 300px) 100vw, 300px\" \/><\/figure>\n\n\n\n<figure class=\"wp-block-image size-large\"><img loading=\"lazy\" decoding=\"async\" width=\"1024\" height=\"638\" data-id=\"459\" src=\"http:\/\/www.ankaraderyareklam.com.tr\/wp-content\/uploads\/2024\/06\/tisort-1024x638.jpg\" alt=\"\" class=\"wp-image-459\" srcset=\"http:\/\/www.ankaraderyareklam.com.tr\/wp-content\/uploads\/2024\/06\/tisort-1024x638.jpg 1024w, http:\/\/www.ankaraderyareklam.com.tr\/wp-content\/uploads\/2024\/06\/tisort-300x187.jpg 300w, http:\/\/www.ankaraderyareklam.com.tr\/wp-content\/uploads\/2024\/06\/tisort-768x479.jpg 768w, http:\/\/www.ankaraderyareklam.com.tr\/wp-content\/uploads\/2024\/06\/tisort-1536x957.jpg 1536w, http:\/\/www.ankaraderyareklam.com.tr\/wp-content\/uploads\/2024\/06\/tisort.jpg 1760w\" sizes=\"auto, (max-width: 1024px) 100vw, 1024px\" \/><\/figure>\n<\/figure>\n","protected":false},"excerpt":{"rendered":"","protected":false},"author":1,"featured_media":440,"parent":0,"menu_order":0,"comment_status":"closed","ping_status":"closed","template":"","meta":{"footnotes":""},"class_list":["post-411","page","type-page","status-publish","has-post-thumbnail","hentry"],"_links":{"self":[{"href":"http:\/\/www.ankaraderyareklam.com.tr\/index.php?rest_route=\/wp\/v2\/pages\/411","targetHints":{"allow":["GET"]}}],"collection":[{"href":"http:\/\/www.ankaraderyareklam.com.tr\/index.php?rest_route=\/wp\/v2\/pages"}],"about":[{"href":"http:\/\/www.ankaraderyareklam.com.tr\/index.php?rest_route=\/wp\/v2\/types\/page"}],"author":[{"embeddable":true,"href":"http:\/\/www.ankaraderyareklam.com.tr\/index.php?rest_route=\/wp\/v2\/users\/1"}],"replies":[{"embeddable":true,"href":"http:\/\/www.ankaraderyareklam.com.tr\/index.php?rest_route=%2Fwp%2Fv2%2Fcomments&post=411"}],"version-history":[{"count":4,"href":"http:\/\/www.ankaraderyareklam.com.tr\/index.php?rest_route=\/wp\/v2\/pages\/411\/revisions"}],"predecessor-version":[{"id":463,"href":"http:\/\/www.ankaraderyareklam.com.tr\/index.php?rest_route=\/wp\/v2\/pages\/411\/revisions\/463"}],"wp:featuredmedia":[{"embeddable":true,"href":"http:\/\/www.ankaraderyareklam.com.tr\/index.php?rest_route=\/wp\/v2\/media\/440"}],"wp:attachment":[{"href":"http:\/\/www.ankaraderyareklam.com.tr\/index.php?rest_route=%2Fwp%2Fv2%2Fmedia&parent=411"}],"curies":[{"name":"wp","href":"https:\/\/api.w.org\/{rel}","templated":true}]}}