{"id":128,"date":"2014-05-31T17:26:27","date_gmt":"2014-05-31T17:26:27","guid":{"rendered":"http:\/\/demo.themegrill.com\/accelerate\/?page_id=128"},"modified":"2024-07-23T05:29:41","modified_gmt":"2024-07-23T05:29:41","slug":"about-us-2","status":"publish","type":"page","link":"http:\/\/www.ankaraderyareklam.com.tr\/?page_id=128","title":{"rendered":"Hakk\u0131m\u0131zda"},"content":{"rendered":"<div>Derya Reklam firmas\u0131 olarak Ankara-Alt\u0131nda\u011f da hizmetlerimize devam etmekteyiz.<\/div>\n<div><\/div>\n<div>Ba\u015far\u0131ya giden yolun \u00e7ok \u00e7al\u0131\u015fmaktan ge\u00e7ti\u011fini bildi\u011fimiz i\u00e7in kalite standartlar\u0131n\u0131 s\u00fcrekli olarak y\u00fckseltmekte, m\u00fc\u015fteri memnuniyeti merkezli olarak hareket etmekteyiz. Siz de\u011ferli m\u00fc\u015fterilerimizin daha kaliteli bir hizmete ula\u015fabilmesi i\u00e7in \u00e7aba g\u00f6stermekteyiz.<\/div>\n<div><\/div>\n<div>Siz de\u011ferli m\u00fc\u015fterilerimizi firmam\u0131z\u0131n as\u0131l sahibi olarak g\u00f6rd\u00fc\u011f\u00fcm\u00fcz i\u00e7in etkile\u015fimli bir \u015fekilde \u00fcr\u00fcnlerin ve hizmetlerin olu\u015fturulmas\u0131nda katk\u0131lar\u0131n\u0131z\u0131 takip etmekteyiz. Bunu ger\u00e7ekle\u015ftirirken sizlerden ald\u0131\u011f\u0131m\u0131z g\u00fc\u00e7le beraber sekt\u00f6rdeki lokomatif olma konumumuzun verdi\u011fi mesuliyeti yerine getirmekteyiz.<\/div>\n<div><\/div>\n<div>Gelece\u011fe daha g\u00fcvenli bakabilmek i\u00e7in modern uygulamalarla \u00fclke ger\u00e7eklerini birle\u015ftiren bir potada \u00f6nemli bir misyonu yerine getirmekteyiz. Hizmet vermi\u015f oldu\u011fumuz b\u00fct\u00fcn alanlarda en kaliteli \u00fcr\u00fcnlerle kar\u015f\u0131n\u0131zda olabilmek i\u00e7in s\u00fcrekli yenilenmekteyiz.<\/div>\n","protected":false},"excerpt":{"rendered":"<p>Derya Reklam firmas\u0131 olarak Ankara-Alt\u0131nda\u011f da hizmetlerimize devam etmekteyiz. Ba\u015far\u0131ya giden yolun \u00e7ok \u00e7al\u0131\u015fmaktan ge\u00e7ti\u011fini bildi\u011fimiz i\u00e7in kalite standartlar\u0131n\u0131 s\u00fcrekli olarak y\u00fckseltmekte, m\u00fc\u015fteri memnuniyeti merkezli olarak hareket etmekteyiz. Siz de\u011ferli m\u00fc\u015fterilerimizin daha kaliteli bir hizmete ula\u015fabilmesi i\u00e7in \u00e7aba g\u00f6stermekteyiz. Siz<\/p>\n","protected":false},"author":1,"featured_media":129,"parent":0,"menu_order":0,"comment_status":"closed","ping_status":"closed","template":"","meta":{"footnotes":""},"class_list":["post-128","page","type-page","status-publish","has-post-thumbnail","hentry"],"_links":{"self":[{"href":"http:\/\/www.ankaraderyareklam.com.tr\/index.php?rest_route=\/wp\/v2\/pages\/128","targetHints":{"allow":["GET"]}}],"collection":[{"href":"http:\/\/www.ankaraderyareklam.com.tr\/index.php?rest_route=\/wp\/v2\/pages"}],"about":[{"href":"http:\/\/www.ankaraderyareklam.com.tr\/index.php?rest_route=\/wp\/v2\/types\/page"}],"author":[{"embeddable":true,"href":"http:\/\/www.ankaraderyareklam.com.tr\/index.php?rest_route=\/wp\/v2\/users\/1"}],"replies":[{"embeddable":true,"href":"http:\/\/www.ankaraderyareklam.com.tr\/index.php?rest_route=%2Fwp%2Fv2%2Fcomments&post=128"}],"version-history":[{"count":2,"href":"http:\/\/www.ankaraderyareklam.com.tr\/index.php?rest_route=\/wp\/v2\/pages\/128\/revisions"}],"predecessor-version":[{"id":483,"href":"http:\/\/www.ankaraderyareklam.com.tr\/index.php?rest_route=\/wp\/v2\/pages\/128\/revisions\/483"}],"wp:featuredmedia":[{"embeddable":true,"href":"http:\/\/www.ankaraderyareklam.com.tr\/index.php?rest_route=\/wp\/v2\/media\/129"}],"wp:attachment":[{"href":"http:\/\/www.ankaraderyareklam.com.tr\/index.php?rest_route=%2Fwp%2Fv2%2Fmedia&parent=128"}],"curies":[{"name":"wp","href":"https:\/\/api.w.org\/{rel}","templated":true}]}}